{"id":171,"date":"2022-01-20T09:59:09","date_gmt":"2022-01-20T08:59:09","guid":{"rendered":"https:\/\/cccom.be\/?page_id=171"},"modified":"2022-05-14T09:22:19","modified_gmt":"2022-05-14T07:22:19","slug":"171-2","status":"publish","type":"page","link":"https:\/\/cccom.be\/?page_id=171","title":{"rendered":"A propos de nous"},"content":{"rendered":"<p>[et_pb_section fb_built=\u00a0\u00bb1&Prime; admin_label=\u00a0\u00bbGallery\u00a0\u00bb _builder_version=\u00a0\u00bb4.13.1&Prime; background_color_gradient_direction=\u00a0\u00bb90deg\u00a0\u00bb custom_padding=\u00a0\u00bb0px|0px|0px|0px\u00a0\u00bb locked=\u00a0\u00bboff\u00a0\u00bb global_colors_info=\u00a0\u00bb{}\u00a0\u00bb][et_pb_row column_structure=\u00a0\u00bb3_5,2_5&Prime; _builder_version=\u00a0\u00bb4.14.7&Prime; _module_preset=\u00a0\u00bbdefault\u00a0\u00bb background_color=\u00a0\u00bb#000000&Prime; background_enable_image=\u00a0\u00bboff\u00a0\u00bb background_size=\u00a0\u00bbinitial\u00a0\u00bb background_position=\u00a0\u00bbcenter_right\u00a0\u00bb width=\u00a0\u00bb100%\u00a0\u00bb max_width=\u00a0\u00bb2560px\u00a0\u00bb module_alignment=\u00a0\u00bbcenter\u00a0\u00bb custom_padding=\u00a0\u00bb3px|||||\u00a0\u00bb global_colors_info=\u00a0\u00bb{}\u00a0\u00bb][et_pb_column type=\u00a0\u00bb3_5&Prime; _builder_version=\u00a0\u00bb4.13.1&Prime; _module_preset=\u00a0\u00bbdefault\u00a0\u00bb custom_padding=\u00a0\u00bb0px|||100px|false|false\u00a0\u00bb global_colors_info=\u00a0\u00bb{}\u00a0\u00bb][et_pb_text _builder_version=\u00a0\u00bb4.14.7&Prime; _module_preset=\u00a0\u00bbdefault\u00a0\u00bb width=\u00a0\u00bb68%\u00a0\u00bb custom_margin=\u00a0\u00bb0px|-3px|||false|false\u00a0\u00bb custom_padding=\u00a0\u00bb60px||||false|false\u00a0\u00bb global_colors_info=\u00a0\u00bb{}\u00a0\u00bb]<\/p>\n<h1><span style=\"color: #ffffff;\">A PROPOS DE NOUS<\/span><\/h1>\n<p>[\/et_pb_text][et_pb_text _builder_version=\u00a0\u00bb4.14.7&Prime; _module_preset=\u00a0\u00bbdefault\u00a0\u00bb text_font=\u00a0\u00bbMulish||||||||\u00a0\u00bb text_font_size=\u00a0\u00bb20px\u00a0\u00bb text_letter_spacing=\u00a0\u00bb1px\u00a0\u00bb text_line_height=\u00a0\u00bb1.2em\u00a0\u00bb custom_margin=\u00a0\u00bb2px|||||\u00a0\u00bb global_colors_info=\u00a0\u00bb{}\u00a0\u00bb]<\/p>\n<p><span style=\"color: #ffffff;\">Christine Calmeau, fondatrice de CC COM, a \u00e9t\u00e9 pendant pr\u00e8s de 20 ans, un des visages de la cha\u00eene RTL TVi.<\/span><\/p>\n<p><span style=\"color: #ffffff;\">Comme journaliste, elle a r\u00e9alis\u00e9 des milliers de reportages, que ce soit en Belgique, ou comme envoy\u00e9e sp\u00e9ciale \u00e0 l\u2019\u00e9tranger. Elle a \u00e9galement assur\u00e9 des centaines d\u2019interventions en direct dans les JT de 13 et 19H.<\/span><\/p>\n<p><span style=\"color: #ffffff;\">En alternance avec son travail sur le terrain pour les journaux t\u00e9l\u00e9vis\u00e9s, Christine Calmeau a aussi pr\u00e9sent\u00e9, durant de longues ann\u00e9es, une \u00e9mission au plus pr\u00e8s de l\u2019actualit\u00e9, RTL +. Elle a re\u00e7u tous les jours en direct, sur le coup de 12h35, des sp\u00e9cialistes pour r\u00e9pondre aux questions des t\u00e9l\u00e9spectateurs.<\/span><\/p>\n<p><span style=\"color: #ffffff;\">Enfin, Christine Calmeau a pr\u00e9sent\u00e9 des centaines de chroniques litt\u00e9raires en radio sur Bel RTL et Radio Juda\u00efca, ou plus r\u00e9cemment sur LN24.<\/span><\/p>\n<p><span style=\"color: #ffffff;\">Passionn\u00e9e par l\u2019information, nationale et internationale, Christine Calmeau a toujours veill\u00e9 \u00e0 ce qu\u2019elle soit accessible \u00e0 tous.<\/span><\/p>\n<p><span style=\"color: #ffffff;\">Ecrire et parler pour expliquer, vulgariser, et transmettre, que ce soit au JT, \u00e0 RTL+, INDICES ou encore REPORTERS, a \u00e9t\u00e9 une passion de chaque instant .<\/span><\/p>\n<p><span style=\"color: #ffffff;\">Cette exp\u00e9rience a \u00e9t\u00e9 enrichie par un passage comme porte-parole dans le milieu politique f\u00e9d\u00e9ral et surtout par un MASTER en Sciences de Gestion suivi \u00e0 HEC ULi\u00e8ge, afin de compl\u00e9ter ses connaissances dans le monde de l\u2019entreprise.<\/span><\/p>\n<p><span style=\"color: #ffffff;\">Aujourd\u2019hui, Christine Calmeau met toute son exp\u00e9rience, son savoir-faire, son r\u00e9seau, son carnet d\u2019adresses, et sa connaissance approfondie du monde des m\u00e9dias au service de votre communication, en travaillant pour CC COM avec les meilleurs cameramen, monteurs, r\u00e9alisateurs, graphistes du march\u00e9, des \u00e9quipes aguerries, reconnues, disposant d\u2019un mat\u00e9riel de pointe adapt\u00e9 \u00e0 vos besoins.<\/span><\/p>\n<p>[\/et_pb_text][\/et_pb_column][et_pb_column type=\u00a0\u00bb2_5&Prime; _builder_version=\u00a0\u00bb4.13.1&Prime; _module_preset=\u00a0\u00bbdefault\u00a0\u00bb background_image=\u00a0\u00bbhttp:\/\/cccom.be\/wp-content\/uploads\/2022\/01\/CC3.jpg\u00a0\u00bb global_colors_info=\u00a0\u00bb{}\u00a0\u00bb][et_pb_image src=\u00a0\u00bbhttp:\/\/cccom.be\/wp-content\/uploads\/2022\/01\/CC3.jpg\u00a0\u00bb title_text=\u00a0\u00bbCC3&Prime; _builder_version=\u00a0\u00bb4.14.7&Prime; _module_preset=\u00a0\u00bbdefault\u00a0\u00bb custom_margin=\u00a0\u00bb-1px||||false|false\u00a0\u00bb hover_enabled=\u00a0\u00bb0&Prime; global_colors_info=\u00a0\u00bb{}\u00a0\u00bb sticky_enabled=\u00a0\u00bb0&Prime;][\/et_pb_image][\/et_pb_column][\/et_pb_row][\/et_pb_section]<\/p>\n","protected":false},"excerpt":{"rendered":"<p>A PROPOS DE NOUSChristine Calmeau, fondatrice de CC COM, a \u00e9t\u00e9 pendant pr\u00e8s de 20 ans, un des visages de la cha\u00eene RTL TVi. Comme journaliste, elle a r\u00e9alis\u00e9 des milliers de reportages, que ce soit en Belgique, ou comme envoy\u00e9e sp\u00e9ciale \u00e0 l\u2019\u00e9tranger. Elle a \u00e9galement assur\u00e9 des centaines d\u2019interventions en direct dans les [&hellip;]<\/p>\n","protected":false},"author":1,"featured_media":0,"parent":0,"menu_order":0,"comment_status":"closed","ping_status":"closed","template":"","meta":{"_et_pb_use_builder":"on","_et_pb_old_content":"","_et_gb_content_width":""},"_links":{"self":[{"href":"https:\/\/cccom.be\/index.php?rest_route=\/wp\/v2\/pages\/171"}],"collection":[{"href":"https:\/\/cccom.be\/index.php?rest_route=\/wp\/v2\/pages"}],"about":[{"href":"https:\/\/cccom.be\/index.php?rest_route=\/wp\/v2\/types\/page"}],"author":[{"embeddable":true,"href":"https:\/\/cccom.be\/index.php?rest_route=\/wp\/v2\/users\/1"}],"replies":[{"embeddable":true,"href":"https:\/\/cccom.be\/index.php?rest_route=%2Fwp%2Fv2%2Fcomments&post=171"}],"version-history":[{"count":29,"href":"https:\/\/cccom.be\/index.php?rest_route=\/wp\/v2\/pages\/171\/revisions"}],"predecessor-version":[{"id":855,"href":"https:\/\/cccom.be\/index.php?rest_route=\/wp\/v2\/pages\/171\/revisions\/855"}],"wp:attachment":[{"href":"https:\/\/cccom.be\/index.php?rest_route=%2Fwp%2Fv2%2Fmedia&parent=171"}],"curies":[{"name":"wp","href":"https:\/\/api.w.org\/{rel}","templated":true}]}}